{"id":120,"date":"2020-05-02T14:36:40","date_gmt":"2020-05-02T14:36:40","guid":{"rendered":"http:\/\/leupold-music.de\/?page_id=120"},"modified":"2021-01-16T17:33:44","modified_gmt":"2021-01-16T17:33:44","slug":"kontakt-impressum","status":"publish","type":"page","link":"https:\/\/leupold-music.de\/?page_id=120","title":{"rendered":"Kontakt \/ Impressum"},"content":{"rendered":"\n<p><strong>Kontakt:<br><\/strong>Matthias Leupold, Arndtstrasse 17, 10965 Berlin<\/p>\n\n\n\n<p>mobil: +49 178 6939219<br>e-mail:\u00a0<a href=\"mailto:m@leupold-music.de\">m@leupold-music.de<\/a><\/p>\n\n\n\n<p>Fotos: Startseite von Armin Stiegler, die anderen Fotos siehe Bildunterschrift<\/p>\n\n\n\n<p><strong>Impressum:<\/strong><\/p>\n\n\n\n<p>Inhaltlich Verantwortlicher gem\u00e4\u00df&nbsp;<br>\u00a7 55 Abs.2 RStV:&nbsp;<br>www.leupold-music.de, Matthias Leupold<\/p>\n\n\n\n<p>Haftungshinweis:&nbsp;<\/p>\n\n\n\n<p>Es wird keine Haftung f\u00fcr die Inhalte externer Links \u00fcbernommen.<br>F\u00fcr den Inhalt der verlinkten Seiten sind ausschlie\u00dflich deren Betreiber verantwortlich.<\/p>\n","protected":false},"excerpt":{"rendered":"<p>Kontakt:Matthias Leupold, Arndtstrasse 17, 10965 Berlin mobil: +49 178 6939219e-mail:\u00a0m@leupold-music.de Fotos: Startseite von Armin Stiegler, die anderen Fotos siehe Bildunterschrift Impressum: Inhaltlich Verantwortlicher gem\u00e4\u00df&nbsp;\u00a7 55 Abs.2 RStV:&nbsp;www.leupold-music.de, Matthias Leupold Haftungshinweis:&nbsp; Es wird keine Haftung f\u00fcr die Inhalte externer Links \u00fcbernommen.F\u00fcr den Inhalt der verlinkten Seiten sind ausschlie\u00dflich deren Betreiber verantwortlich.<\/p>\n","protected":false},"author":1,"featured_media":0,"parent":0,"menu_order":0,"comment_status":"closed","ping_status":"closed","template":"","meta":[],"_links":{"self":[{"href":"https:\/\/leupold-music.de\/index.php?rest_route=\/wp\/v2\/pages\/120"}],"collection":[{"href":"https:\/\/leupold-music.de\/index.php?rest_route=\/wp\/v2\/pages"}],"about":[{"href":"https:\/\/leupold-music.de\/index.php?rest_route=\/wp\/v2\/types\/page"}],"author":[{"embeddable":true,"href":"https:\/\/leupold-music.de\/index.php?rest_route=\/wp\/v2\/users\/1"}],"replies":[{"embeddable":true,"href":"https:\/\/leupold-music.de\/index.php?rest_route=%2Fwp%2Fv2%2Fcomments&post=120"}],"version-history":[{"count":6,"href":"https:\/\/leupold-music.de\/index.php?rest_route=\/wp\/v2\/pages\/120\/revisions"}],"predecessor-version":[{"id":146,"href":"https:\/\/leupold-music.de\/index.php?rest_route=\/wp\/v2\/pages\/120\/revisions\/146"}],"wp:attachment":[{"href":"https:\/\/leupold-music.de\/index.php?rest_route=%2Fwp%2Fv2%2Fmedia&parent=120"}],"curies":[{"name":"wp","href":"https:\/\/api.w.org\/{rel}","templated":true}]}}