{"id":2,"date":"2016-05-10T03:48:21","date_gmt":"2016-05-10T03:48:21","guid":{"rendered":"http:\/\/leupold-music.de\/?page_id=2"},"modified":"2021-01-16T17:08:14","modified_gmt":"2021-01-16T17:08:14","slug":"sample-page","status":"publish","type":"page","link":"https:\/\/leupold-music.de\/","title":{"rendered":"Willkommen auf der Website von Matthias Leupold"},"content":{"rendered":"<p><em>Ich habe das gro\u00dfe Gl\u00fcck, regelm\u00e4\u00dfig Musik zu machen!<span class=\"Apple-converted-space\">\u00a0<\/span><\/em><\/p>\n<p>Mit meinen drei Ensembles, der Kammerakademie Potsdam, dem AsianArt Ensemble Berlin und dem Tango Real Quartett bin ich weltweit unterwegs.<\/p>\n<p>Mit besonderem Vergn\u00fcgen konzipiere ich aber auch kleine Konzertformate, z.B. f\u00fcr Kinder, Familien und \u00a0Erwachsene!<\/p>\n<p>Als Geigenlehrer ist es mir ein Bed\u00fcrfnis, meine Erfahrungen beim Musizieren weiter zu vermitteln und meine Sch\u00fcler*innen individuell zu unterst\u00fctzen.<\/p>\n\n\n<p><\/p>\n","protected":false},"excerpt":{"rendered":"<p>Ich habe das gro\u00dfe Gl\u00fcck, regelm\u00e4\u00dfig Musik zu machen!\u00a0 Mit meinen drei Ensembles, der Kammerakademie Potsdam, dem AsianArt Ensemble Berlin und dem Tango Real Quartett bin ich weltweit unterwegs. Mit besonderem Vergn\u00fcgen konzipiere ich aber auch kleine Konzertformate, z.B. f\u00fcr Kinder, Familien und \u00a0Erwachsene! Als Geigenlehrer ist es mir ein Bed\u00fcrfnis, meine Erfahrungen beim Musizieren &hellip; <\/p>\n<p class=\"link-more\"><a href=\"https:\/\/leupold-music.de\/\" class=\"more-link\"><span class=\"screen-reader-text\">\u201eWillkommen auf der Website von Matthias Leupold\u201c<\/span> weiterlesen<\/a><\/p>\n","protected":false},"author":1,"featured_media":0,"parent":0,"menu_order":1,"comment_status":"closed","ping_status":"closed","template":"","meta":[],"_links":{"self":[{"href":"https:\/\/leupold-music.de\/index.php?rest_route=\/wp\/v2\/pages\/2"}],"collection":[{"href":"https:\/\/leupold-music.de\/index.php?rest_route=\/wp\/v2\/pages"}],"about":[{"href":"https:\/\/leupold-music.de\/index.php?rest_route=\/wp\/v2\/types\/page"}],"author":[{"embeddable":true,"href":"https:\/\/leupold-music.de\/index.php?rest_route=\/wp\/v2\/users\/1"}],"replies":[{"embeddable":true,"href":"https:\/\/leupold-music.de\/index.php?rest_route=%2Fwp%2Fv2%2Fcomments&post=2"}],"version-history":[{"count":20,"href":"https:\/\/leupold-music.de\/index.php?rest_route=\/wp\/v2\/pages\/2\/revisions"}],"predecessor-version":[{"id":137,"href":"https:\/\/leupold-music.de\/index.php?rest_route=\/wp\/v2\/pages\/2\/revisions\/137"}],"wp:attachment":[{"href":"https:\/\/leupold-music.de\/index.php?rest_route=%2Fwp%2Fv2%2Fmedia&parent=2"}],"curies":[{"name":"wp","href":"https:\/\/api.w.org\/{rel}","templated":true}]}}