{"id":32,"date":"2020-04-23T11:36:19","date_gmt":"2020-04-23T11:36:19","guid":{"rendered":"http:\/\/leupold-music.de\/?page_id=32"},"modified":"2020-05-02T19:49:17","modified_gmt":"2020-05-02T19:49:17","slug":"mein-geigenunterricht-aus-bewegung-wird-musik","status":"publish","type":"page","link":"https:\/\/leupold-music.de\/?page_id=32","title":{"rendered":"Mein Geigenunterricht: \u201eAus Bewegung wird Musik&#8220;"},"content":{"rendered":"\n<h3 class=\"has-text-align-left\">F\u00fcr alle, die Lust haben mit ihrer Geige Musik zu machen:<\/h3>\n\n\n\n<div class=\"wp-block-image\"><figure class=\"alignleft size-large is-resized\"><img loading=\"lazy\" src=\"https:\/\/leupold-music.de\/wp-content\/uploads\/2020\/05\/Leupold_019-685x1024.jpg\" alt=\"\" class=\"wp-image-61\" width=\"282\" height=\"421\" srcset=\"https:\/\/leupold-music.de\/wp-content\/uploads\/2020\/05\/Leupold_019-685x1024.jpg 685w, https:\/\/leupold-music.de\/wp-content\/uploads\/2020\/05\/Leupold_019-201x300.jpg 201w, https:\/\/leupold-music.de\/wp-content\/uploads\/2020\/05\/Leupold_019-768x1148.jpg 768w, https:\/\/leupold-music.de\/wp-content\/uploads\/2020\/05\/Leupold_019.jpg 856w\" sizes=\"(max-width: 282px) 100vw, 282px\" \/><figcaption>Foto von Armin Stiegler<\/figcaption><\/figure><\/div>\n\n\n\n<p><strong>Kinder<\/strong> bringen von sich aus Musikalit\u00e4t und einen starken Bewegungsdrang mit. Diese F\u00e4higkeiten greife ich spielerisch auf und wir entwickeln daraus gemeinsam das Geigen-Spiel.<\/p>\n\n\n\n<p>Das gemeinsame Musizieren steht im Mittelpunkt meines Unterrichtes:&nbsp;Im Einzelunterricht und in kleinen Ensembles mit anderen Kindern.<\/p>\n\n\n\n<p>Auch mit <strong>Jugendlichen und Erwachsenen<\/strong> gehe ich gerne experimentelle Wege. Stilistisch bin ich sehr offen, da ich selbst immer wieder Neues ausprobiere, als Musiker und als Geigenlehrer.<\/p>\n\n\n\n<p><\/p>\n\n\n\n<p>Im Unterricht k\u00f6nnen wir improvisieren, verschiedene Musikstile ausprobieren und \u201eLieblingsst\u00fccke\u201c f\u00fcr die Geige arrangieren, aus Pop-, Rock-, Jazz- oder Film-Musik. Nat\u00fcrlich werden in meinem Unterricht \u201eBeethoven &amp; Co\u201c auch eine Rolle spielen.<\/p>\n\n\n\n<p>F\u00fcr angehende <strong>Student*innen<\/strong>, die sich auf die Aufnahmepr\u00fcfung von Hochschulen vorbereiten sehe mich als Trainer und Coach. Ich arbeite mit verschiedenen Methoden: simulierte Pr\u00fcfungssituationen mit Videoaufnahme, Mentaltraining, K\u00f6rperarbeit und Qigong .<\/p>\n\n\n\n<p>Ich biete auch <strong>Onlineunterricht <\/strong>an.<\/p>\n","protected":false},"excerpt":{"rendered":"<p>F\u00fcr alle, die Lust haben mit ihrer Geige Musik zu machen: Kinder bringen von sich aus Musikalit\u00e4t und einen starken Bewegungsdrang mit. Diese F\u00e4higkeiten greife ich spielerisch auf und wir entwickeln daraus gemeinsam das Geigen-Spiel. Das gemeinsame Musizieren steht im Mittelpunkt meines Unterrichtes:&nbsp;Im Einzelunterricht und in kleinen Ensembles mit anderen Kindern. Auch mit Jugendlichen und &hellip; <\/p>\n<p class=\"link-more\"><a href=\"https:\/\/leupold-music.de\/?page_id=32\" class=\"more-link\"><span class=\"screen-reader-text\">\u201eMein Geigenunterricht: \u201eAus Bewegung wird Musik&#8220;\u201c<\/span> weiterlesen<\/a><\/p>\n","protected":false},"author":1,"featured_media":0,"parent":0,"menu_order":2,"comment_status":"closed","ping_status":"closed","template":"","meta":[],"_links":{"self":[{"href":"https:\/\/leupold-music.de\/index.php?rest_route=\/wp\/v2\/pages\/32"}],"collection":[{"href":"https:\/\/leupold-music.de\/index.php?rest_route=\/wp\/v2\/pages"}],"about":[{"href":"https:\/\/leupold-music.de\/index.php?rest_route=\/wp\/v2\/types\/page"}],"author":[{"embeddable":true,"href":"https:\/\/leupold-music.de\/index.php?rest_route=\/wp\/v2\/users\/1"}],"replies":[{"embeddable":true,"href":"https:\/\/leupold-music.de\/index.php?rest_route=%2Fwp%2Fv2%2Fcomments&post=32"}],"version-history":[{"count":21,"href":"https:\/\/leupold-music.de\/index.php?rest_route=\/wp\/v2\/pages\/32\/revisions"}],"predecessor-version":[{"id":130,"href":"https:\/\/leupold-music.de\/index.php?rest_route=\/wp\/v2\/pages\/32\/revisions\/130"}],"wp:attachment":[{"href":"https:\/\/leupold-music.de\/index.php?rest_route=%2Fwp%2Fv2%2Fmedia&parent=32"}],"curies":[{"name":"wp","href":"https:\/\/api.w.org\/{rel}","templated":true}]}}